{"id":5,"date":"2016-01-08T00:01:36","date_gmt":"2016-01-07T23:01:36","guid":{"rendered":"http:\/\/antos.dkonto.pl\/?page_id=5"},"modified":"2019-11-05T23:11:17","modified_gmt":"2019-11-05T22:11:17","slug":"antos","status":"publish","type":"page","link":"https:\/\/antos.dkonto.pl\/","title":{"rendered":"Cze\u015b\u0107, to jest&nbsp;Anto\u015b"},"content":{"rendered":"<figure id=\"attachment_27\" aria-describedby=\"caption-attachment-27\" style=\"width: 277px\" class=\"wp-caption alignleft\"><img loading=\"lazy\" class=\"wp-image-27 size-medium\" src=\"http:\/\/antos.dkonto.pl\/wp-content\/uploads\/2016\/01\/20150618_133451-e1452261459565-277x300.jpeg\" alt=\"Anto\u015b przed chorob\u0105\" width=\"277\" height=\"300\" srcset=\"https:\/\/antos.dkonto.pl\/wp-content\/uploads\/2016\/01\/20150618_133451-e1452261459565-277x300.jpeg 277w, https:\/\/antos.dkonto.pl\/wp-content\/uploads\/2016\/01\/20150618_133451-e1452261459565.jpeg 763w\" sizes=\"(max-width: 277px) 85vw, 277px\"><figcaption id=\"caption-attachment-27\" class=\"wp-caption-text\">Anto\u015b przed chorob\u0105 (4,5&nbsp;lat)<\/figcaption><\/figure>\n<p style=\"text-align: justify;\">Dwa dni przed Nowym Rokiem 2016, w&nbsp;wieku 4,5 lat, zdiagnozowano u&nbsp;naszego syna z\u0142o\u015bliwy nowotw\u00f3r w\u0105troby \u2014 <a href=\"https:\/\/pl.wikipedia.org\/wiki\/W\u0105trobiak_zarodkowy\" target=\"_blank\" rel=\"noopener noreferrer\">hepatoblastoma<\/a>. To rzadki nowotw\u00f3r z\u0142o\u015bliwy wieku dzieci\u0119cego. Na rok w&nbsp;Polsce wyst\u0119puje ok. 20 przypadk\u00f3w. Po 13 miesi\u0105cach ci\u0119\u017ckiej walki o&nbsp;zdrowie i&nbsp;\u017cycie naszego syna, dnia 2.02.2017 Anto\u015b odszed\u0142 nie uko\u0144czywszy 6&nbsp;lat.<\/p>\n<p style=\"text-align: justify;\">Nasz syn lubi\u0142 bawi\u0107 si\u0119 klockami, je\u017adzi\u0107 na rowerze i&nbsp;malowa\u0107 \u2014 to jego prace dekoruj\u0105 stron\u0119. W&nbsp;ostatnich miesi\u0105cach pobyt\u00f3w&nbsp; w&nbsp;szpitalach polubi\u0142 granie na konsoli. Chcia\u0142 r\u00f3wnie\u017c nauczy\u0107 si\u0119 je\u017adzi\u0107 na nartach, gra\u0107 w&nbsp;hokeja i&nbsp;zapisa\u0107 si\u0119 na sztuki walki, a&nbsp;tak\u017ce bawi\u0107 si\u0119 przez d\u0142ugie lata ze swoim m\u0142odszym braciszkiem Mi\u0142oszkiem, kt\u00f3rego pokocha\u0142 bratersk\u0105 mi\u0142o\u015bci\u0105 (z wzajemno\u015bci\u0105). Jego marzeniem by\u0142o zosta\u0107 astronaut\u0105 albo stra\u017cakiem.<\/p>\n<figure id=\"attachment_1397\" aria-describedby=\"caption-attachment-1397\" style=\"width: 300px\" class=\"wp-caption alignright\"><a href=\"http:\/\/antos.dkonto.pl\/?attachment_id=1397\"><img loading=\"lazy\" class=\"wp-image-1397 size-medium\" src=\"http:\/\/antos.dkonto.pl\/wp-content\/uploads\/2017\/02\/bracia-w-samochodzie-300x169.jpg\" alt=\"Bracia w samochodzie, 1.02.2017\" width=\"300\" height=\"169\" srcset=\"https:\/\/antos.dkonto.pl\/wp-content\/uploads\/2017\/02\/bracia-w-samochodzie-300x169.jpg 300w, https:\/\/antos.dkonto.pl\/wp-content\/uploads\/2017\/02\/bracia-w-samochodzie-768x432.jpg 768w, https:\/\/antos.dkonto.pl\/wp-content\/uploads\/2017\/02\/bracia-w-samochodzie.jpg 1024w\" sizes=\"(max-width: 300px) 85vw, 300px\"><\/a><figcaption id=\"caption-attachment-1397\" class=\"wp-caption-text\">Anto\u015b z&nbsp;braciszkiem dzie\u0144 przed odej\u015bciem, 1.02.2017<\/figcaption><\/figure>\n<p style=\"text-align: justify;\">Z pierwszym dniem Nowego Roku 2016 trafili\u015bmy do kliniki onkologicznej <a href=\"http:\/\/przyladeknadziei.pl\/\" target=\"_blank\" rel=\"noopener noreferrer\">Przyl\u0105dek Nadziei<\/a> we Wroc\u0142awiu i&nbsp;pod skrzyd\u0142a fundacji <a href=\"http:\/\/naratunek.org\/\" target=\"_blank\" rel=\"noopener noreferrer\">Na Ratunek Dzieciom z&nbsp;Chorob\u0105 Nowotworow\u0105<\/a>.<\/p>\n<p style=\"text-align: justify;\">Pierwotnie leczenie mia\u0142o sk\u0142ada\u0107 si\u0119 z&nbsp;m.in. z&nbsp;chemioterapii przedoperacyjnej, chirurgicznego usuwania zaatakowanego p\u0142atu w\u0105troby, chemioterapii pooperacyjnej oraz d\u0142ugiego czasu rehabilitacji i&nbsp;obserwacji, czy nowotw\u00f3r nie powr\u00f3ci. By\u0142 to wariant optymistyczny \u2014 w&nbsp;trakcie leczenia chor\u00f3b nowotworowych dochodzi do wielu komplikacji, tak i&nbsp;by\u0142o naszej sytuacji.<\/p>\n<p style=\"text-align: justify;\">Leczenie podstawowe nie przynios\u0142o oczekiwanych rezultat\u00f3w. Anto\u015b zosta\u0142 poddany wielu kolejnym operacjom (wypalania nowych zmian w&nbsp;w\u0105trobie), ale choroba pozostawa\u0142a poza kontrol\u0105. W&nbsp;zwi\u0105zku z&nbsp;tym Antek zosta\u0142 skierowany na przeszczep w\u0105troby w&nbsp;<a href=\"http:\/\/www.czd.pl\/\">Centrum Zdrowia Dziecka<\/a>, kt\u00f3ry, poprzedzony dodatkowymi wlewami chemioterapii, odby\u0142 si\u0119 30 wrze\u015bnia 2016.<\/p>\n<figure id=\"attachment_64\" aria-describedby=\"caption-attachment-64\" style=\"width: 300px\" class=\"wp-caption alignleft\"><img loading=\"lazy\" class=\"wp-image-64 size-medium\" src=\"http:\/\/antos.dkonto.pl\/wp-content\/uploads\/2016\/01\/DSC_0004-300x221.jpg\" alt=\"Malarstwo Antosia\" width=\"300\" height=\"221\" srcset=\"https:\/\/antos.dkonto.pl\/wp-content\/uploads\/2016\/01\/DSC_0004-300x221.jpg 300w, https:\/\/antos.dkonto.pl\/wp-content\/uploads\/2016\/01\/DSC_0004.jpg 448w\" sizes=\"(max-width: 300px) 85vw, 300px\"><figcaption id=\"caption-attachment-64\" class=\"wp-caption-text\">Malarstwo Antosia<\/figcaption><\/figure>\n<p style=\"text-align: justify;\">Przeszczep by\u0142 de facto zamian\u0105 choroby podstawowej na now\u0105. Niestety kilka tygodni po przeszczepie okaza\u0142o si\u0119, i\u017c nowotw\u00f3r by\u0142 nadal aktywny. Nasz syn otrzyma\u0142 wiele kolejnych chemioterapii, kt\u00f3re nie przynios\u0142y spodziewanych rezultat\u00f3w \u2014 nowotw\u00f3r by\u0142 wyj\u0105tkowo agresywny i&nbsp;rozwija\u0142 si\u0119 poza kontrol\u0105. Przed \u015awi\u0119tami Bo\u017cego Narodzenia 2016 odby\u0142 si\u0119 ostatni <a href=\"https:\/\/pl.wikipedia.org\/wiki\/Medycyna_paliatywna\" target=\"_blank\" rel=\"noopener noreferrer\">paliatywny<\/a> wlew, kt\u00f3ry pozwoli\u0142 naszej rodzinie sp\u0119dzi\u0107 \u015awi\u0119ta razem w&nbsp;domu. 31 stycznia 2017 Antek zosta\u0142 przekazany pod opiek\u0119 Hospicjum dla Dzieci Dolnego \u015al\u0105ska. Dwa dni p\u00f3\u017aniej odszed\u0142.<\/p>\n<p style=\"text-align: justify;\">W trakcie 13 miesi\u0119cy leczenia, z&nbsp;pomoc\u0105 fundacji <a href=\"http:\/\/naratunek.org\/\" target=\"_blank\" rel=\"noopener noreferrer\">Na Ratunek Dzieciom z&nbsp;Chorob\u0105 Nowotworow\u0105<\/a>, zbierali\u015bmy pieni\u0105dze na leczenie i&nbsp;rehabilitacj\u0119 naszego synka. Wszystkie \u015brodki niewykorzystane przez nas na leczenie zosta\u0142y przekazane na cele statutowe fundacji, zgodnie z&nbsp;jej <a href=\"http:\/\/naratunek.org\/nasza-fundacja\/dla-rodzicow\/\" target=\"_blank\" rel=\"noopener noreferrer\">regulaminem<\/a> (Regulamin Kont Imiennych).<\/p>\n<p style=\"text-align: left;\">Ela i&nbsp;Kacper<\/p>\n","protected":false},"excerpt":{"rendered":"<p>Dwa dni przed Nowym Rokiem 2016, w&nbsp;wieku 4,5 lat, zdiagnozowano u&nbsp;naszego syna z\u0142o\u015bliwy nowotw\u00f3r w\u0105troby \u2014 hepatoblastoma. To rzadki nowotw\u00f3r z\u0142o\u015bliwy wieku dzieci\u0119cego. Na rok w&nbsp;Polsce wyst\u0119puje ok. 20 przypadk\u00f3w. Po 13 miesi\u0105cach ci\u0119\u017ckiej walki o&nbsp;zdrowie i&nbsp;\u017cycie naszego syna, dnia 2.02.2017 Anto\u015b odszed\u0142 nie uko\u0144czywszy 6&nbsp;lat. Nasz syn lubi\u0142 bawi\u0107 si\u0119 klockami, je\u017adzi\u0107 na rowerze \u2026 <a href=\"https:\/\/antos.dkonto.pl\/\" class=\"more-link\">Czytaj dalej<span class=\"screen-reader-text\"> Cze\u015b\u0107, to jest&nbsp;Anto\u015b<\/span><\/a><\/p>\n","protected":false},"author":1,"featured_media":0,"parent":0,"menu_order":0,"comment_status":"closed","ping_status":"closed","template":"","meta":{"wp_typography_post_enhancements_disabled":false},"_links":{"self":[{"href":"https:\/\/antos.dkonto.pl\/index.php?rest_route=\/wp\/v2\/pages\/5"}],"collection":[{"href":"https:\/\/antos.dkonto.pl\/index.php?rest_route=\/wp\/v2\/pages"}],"about":[{"href":"https:\/\/antos.dkonto.pl\/index.php?rest_route=\/wp\/v2\/types\/page"}],"author":[{"embeddable":true,"href":"https:\/\/antos.dkonto.pl\/index.php?rest_route=\/wp\/v2\/users\/1"}],"replies":[{"embeddable":true,"href":"https:\/\/antos.dkonto.pl\/index.php?rest_route=%2Fwp%2Fv2%2Fcomments&post=5"}],"version-history":[{"count":26,"href":"https:\/\/antos.dkonto.pl\/index.php?rest_route=\/wp\/v2\/pages\/5\/revisions"}],"predecessor-version":[{"id":1452,"href":"https:\/\/antos.dkonto.pl\/index.php?rest_route=\/wp\/v2\/pages\/5\/revisions\/1452"}],"wp:attachment":[{"href":"https:\/\/antos.dkonto.pl\/index.php?rest_route=%2Fwp%2Fv2%2Fmedia&parent=5"}],"curies":[{"name":"wp","href":"https:\/\/api.w.org\/{rel}","templated":true}]}}