{"id":97,"date":"2016-01-12T00:01:52","date_gmt":"2016-01-11T23:01:52","guid":{"rendered":"http:\/\/antos.dkonto.pl\/?page_id=97"},"modified":"2019-11-05T23:26:35","modified_gmt":"2019-11-05T22:26:35","slug":"jak-pomoc-2","status":"publish","type":"page","link":"https:\/\/antos.dkonto.pl\/?page_id=97","title":{"rendered":"Jak pom\u00f3c"},"content":{"rendered":"<p style=\"text-align: justify;\">Walka o&nbsp;\u017cycie i&nbsp;zdrowie Antosia zako\u0144czy\u0142a si\u0119, jednak\u017ce w&nbsp;Przyl\u0105dku Nadziei, Centrum Zdrowia Dziecka i&nbsp;na ca\u0142ym \u015bwiecie nadal trwa walka o&nbsp;\u017cycie i&nbsp;zdrowie wielu dzieci dotkni\u0119tych chorob\u0105 nowotworow\u0105. Swoj\u0105 pomoc mo\u017cna okaza\u0107 na wiele sposob\u00f3w:<\/p>\n<p style=\"text-align: justify;\"><strong>1.<\/strong> <strong>Przekazanie 1% podatku, lub wp\u0142aty bezpo\u015brednie dla organizacji opiekuj\u0105cych si\u0119, wspieraj\u0105cych i&nbsp;lecz\u0105cych dzieci z&nbsp;chorobami nowotworowymi<br>\n<\/strong><\/p>\n<ul>\n<li style=\"text-align: justify;\"><a href=\"https:\/\/hospicjum-dolnyslask.pl\/\" target=\"_blank\" rel=\"noopener noreferrer\">Hospicjum dla Dzieci Dolnego \u015al\u0105ska<\/a>, kt\u00f3re przejmuje na siebie opiek\u0119 i&nbsp;leczenie paliatywne dzieci nieuleczalnie chorych, a&nbsp;tak\u017ce wspiera ca\u0142\u0105 rodzin\u0119 w&nbsp;tak ci\u0119\u017ckiej sytuacji<\/li>\n<li style=\"text-align: justify;\"><a href=\"http:\/\/naratunek.org\/\" target=\"_blank\" rel=\"noopener noreferrer\">Fundacja Na Ratunek Dzieciom z&nbsp;Chorob\u0105 Nowotworow\u0105<\/a>, kt\u00f3ra na co dzie\u0144 wspiera dzieci i&nbsp;rodzic\u00f3w lecz\u0105cych si\u0119 w&nbsp;klinice Przyl\u0105dek Nadziei, a&nbsp;tak\u017ce sam\u0105 klinik\u0119 (m.in. poprzez zakup sprz\u0119tu)<\/li>\n<li style=\"text-align: justify;\"><a href=\"http:\/\/czd.pl\/\" target=\"_blank\" rel=\"noopener noreferrer\">Instytut \u201cPomnik \u2014 Centrum Zdrowia Dziecka\u201d<\/a>, kt\u00f3ry zapewnia kompleksowe leczenie dzieci, w&nbsp;szczeg\u00f3lno\u015bci ci\u0119\u017cko chorych (nie tylko na choroby nowotworowe), kt\u00f3rych terapii nie podj\u0119\u0142y si\u0119 inne o\u015brodki<\/li>\n<li style=\"text-align: justify;\"><a href=\"http:\/\/naszedzieci.org.pl\/\" target=\"_blank\" rel=\"noopener noreferrer\">Fundacja Nasze Dzieci<\/a>, kt\u00f3ra analogicznie do Fundacji Na Ratunek wspiera dzieci i&nbsp;rodzic\u00f3w lecz\u0105cych si\u0119 na oddziale onkologii w&nbsp;Centrum Zdrowia Dziecka<\/li>\n<\/ul>\n<p style=\"text-align: justify;\">Pieni\u0105dze, kt\u00f3re wp\u0142yn\u0119\u0142y dot\u0105d na konto Antosia (stworzone w&nbsp;Fundacji <a href=\"http:\/\/naratunek.org\/\" target=\"_blank\" rel=\"noopener noreferrer\">Na Ratunek dzieciom z&nbsp;chorob\u0105 nowotworow\u0105<\/a>) zostan\u0105 przekazane na cele statutowe fundacji Na Ratunek dzieciom z&nbsp;chorob\u0105 nowotworow\u0105, zgodnie z&nbsp;jej <a href=\"http:\/\/naratunek.org\/nasza-fundacja\/dla-rodzicow\/\" target=\"_blank\" rel=\"noopener noreferrer\">regulaminem<\/a> (Regulamin Kont Imiennych).<\/p>\n<p><strong>2. Donacja krwi<\/strong> ze wskazaniem na kliniki lecz\u0105ce dzieci z&nbsp;chorobami nowotworowymi, takie jak <a href=\"http:\/\/przyladeknadziei.pl\/\" target=\"_blank\" rel=\"noopener noreferrer\">Przyl\u0105dek Nadziei<\/a>, czy <a href=\"http:\/\/czd.pl\" target=\"_blank\" rel=\"noopener noreferrer\">Centrum Zdrowia Dziecka<\/a>.<\/p>\n<p style=\"text-align: justify;\"><strong>Krew jest zawsze potrzebna dzieciom przechodz\u0105cym chemioterapi\u0119 (wszystkie grupy krwi)<\/strong>, gdy\u017c ich szpik kostny musi si\u0119 zregenerowa\u0107, a&nbsp;w trakcie tego procesu nie jest w&nbsp;stanie nadrobi\u0107 zaleg\u0142o\u015bci. St\u0105d te\u017c cz\u0119ste s\u0105 transfuzje krwi.<\/p>\n<p style=\"text-align: justify;\">Porada z&nbsp;w\u0142asnego do\u015bwiadczenia: pi\u0107 sporo wody i\/lub sok\u00f3w od rana, a&nbsp;przed wej\u015bciem na pobranie krwi do bada\u0144 poprawi\u0107 2&nbsp;kubkami wody (dystrybutory s\u0105 dost\u0119pne w&nbsp;siedzibie <span class=\"caps\">RCKIK<\/span> we Wroc\u0142awiu) \u2014 wtedy jest odpowiednie ci\u015bnienie i&nbsp;450 ml krwi pe\u0142nej schodzi w&nbsp;ci\u0105gu 5&nbsp;minut. Reszt\u0119 informacji dla dawcy mo\u017cna znale\u017a\u0107 na stronach wroc\u0142awskiego <a href=\"http:\/\/www.rckik.wroclaw.pl\/\" target=\"_blank\" rel=\"noopener noreferrer\"><span class=\"caps\">RCKIK<\/span><\/a>.<\/p>\n<p style=\"text-align: justify;\"><strong>3. Udzia\u0142 w&nbsp;zbi\u00f3rkach w\u0142os\u00f3w na peruki dla dzieci z&nbsp;chorob\u0105 nowotworow\u0105<\/strong> \u2014 akcjach takich jak <a href=\"https:\/\/mowimynieborakowi.pl\/\" target=\"_blank\" rel=\"noopener noreferrer\">W\u0142osem w&nbsp;Raka<\/a>.<\/p>\n\n\t\t\t<div id=\"97-1\" class=\"gallery gallery-97 gallery-columns-1 gallery-size-medium\" itemscope itemtype=\"http:\/\/schema.org\/ImageGallery\">\n\t\t\t\t<div class=\"gallery-row gallery-col-1 gallery-clear\">\n\t\t\t\t\t<figure class=\"gallery-item col-1\" itemprop=\"associatedMedia\" itemscope itemtype=\"http:\/\/schema.org\/ImageObject\">\n\t\t\t\t\t\t<div class=\"gallery-icon portrait\"><a href=\"https:\/\/antos.dkonto.pl\/?attachment_id=1422\" itemprop=\"contentURL\"><img width=\"241\" height=\"300\" src=\"https:\/\/antos.dkonto.pl\/wp-content\/uploads\/2016\/01\/w\u0142osy-przed-241x300.jpg\" class=\"attachment-medium size-medium\" alt=\"W\u0142osy przed \u015bci\u0119ciem\" loading=\"lazy\" srcset=\"https:\/\/antos.dkonto.pl\/wp-content\/uploads\/2016\/01\/w\u0142osy-przed-241x300.jpg 241w, https:\/\/antos.dkonto.pl\/wp-content\/uploads\/2016\/01\/w\u0142osy-przed.jpg 515w\" sizes=\"(max-width: 241px) 85vw, 241px\" aria-describedby=\"figcaption-97-1422\" itemprop=\"thumbnail\"><\/a><\/div>\n\t\t\t\t\t\t<figcaption id=\"figcaption-97-1422\" class=\"gallery-caption\" itemprop=\"caption\">W\u0142osy przed \u015bci\u0119ciem<\/figcaption>\n\t\t\t\t\t<\/figure>\n\t\t\t\t<\/div>\n\t\t\t<\/div><!-- .gallery -->\n\n<p style=\"text-align: justify;\">W\u0142osy zapuszczane w&nbsp;trakcie 13 miesi\u0119cy leczenia Antosia zosta\u0142y przekazane pod koniec roku&nbsp;2017.<\/p>\n<p style=\"text-align: right;\">Dzi\u0119kujemy,<\/p>\n<p style=\"text-align: right;\">Ela i&nbsp;Kacper<\/p>\n","protected":false},"excerpt":{"rendered":"<p>Walka o&nbsp;\u017cycie i&nbsp;zdrowie Antosia zako\u0144czy\u0142a si\u0119, jednak\u017ce w&nbsp;Przyl\u0105dku Nadziei, Centrum Zdrowia Dziecka i&nbsp;na ca\u0142ym \u015bwiecie nadal trwa walka o&nbsp;\u017cycie i&nbsp;zdrowie wielu dzieci dotkni\u0119tych chorob\u0105 nowotworow\u0105. Swoj\u0105 pomoc mo\u017cna okaza\u0107 na wiele sposob\u00f3w: 1. Przekazanie 1% podatku, lub wp\u0142aty bezpo\u015brednie dla organizacji opiekuj\u0105cych si\u0119, wspieraj\u0105cych i&nbsp;lecz\u0105cych dzieci z&nbsp;chorobami nowotworowymi Hospicjum dla Dzieci Dolnego \u015al\u0105ska, kt\u00f3re przejmuje \u2026 <a href=\"https:\/\/antos.dkonto.pl\/?page_id=97\" class=\"more-link\">Czytaj dalej<span class=\"screen-reader-text\"> Jak&nbsp;pom\u00f3c<\/span><\/a><\/p>\n","protected":false},"author":1,"featured_media":0,"parent":0,"menu_order":0,"comment_status":"closed","ping_status":"closed","template":"","meta":{"wp_typography_post_enhancements_disabled":false},"_links":{"self":[{"href":"https:\/\/antos.dkonto.pl\/index.php?rest_route=\/wp\/v2\/pages\/97"}],"collection":[{"href":"https:\/\/antos.dkonto.pl\/index.php?rest_route=\/wp\/v2\/pages"}],"about":[{"href":"https:\/\/antos.dkonto.pl\/index.php?rest_route=\/wp\/v2\/types\/page"}],"author":[{"embeddable":true,"href":"https:\/\/antos.dkonto.pl\/index.php?rest_route=\/wp\/v2\/users\/1"}],"replies":[{"embeddable":true,"href":"https:\/\/antos.dkonto.pl\/index.php?rest_route=%2Fwp%2Fv2%2Fcomments&post=97"}],"version-history":[{"count":20,"href":"https:\/\/antos.dkonto.pl\/index.php?rest_route=\/wp\/v2\/pages\/97\/revisions"}],"predecessor-version":[{"id":1455,"href":"https:\/\/antos.dkonto.pl\/index.php?rest_route=\/wp\/v2\/pages\/97\/revisions\/1455"}],"wp:attachment":[{"href":"https:\/\/antos.dkonto.pl\/index.php?rest_route=%2Fwp%2Fv2%2Fmedia&parent=97"}],"curies":[{"name":"wp","href":"https:\/\/api.w.org\/{rel}","templated":true}]}}